


{"id":162,"date":"2024-06-10T17:51:26","date_gmt":"2024-06-10T15:51:26","guid":{"rendered":"https:\/\/greencopilot.eu\/?page_id=162"},"modified":"2024-06-10T17:53:30","modified_gmt":"2024-06-10T15:53:30","slug":"terminos-y-condiciones","status":"publish","type":"page","link":"https:\/\/greencopilot.eu\/?page_id=162","title":{"rendered":"T\u00e9rminos y condiciones"},"content":{"rendered":"\n<div style=\"height:48px\" aria-hidden=\"true\" class=\"wp-block-spacer\"><\/div>\n\n\n\n<h2 class=\"wp-block-heading\"><strong>1. Introducci\u00f3n<\/strong><\/h2>\n\n\n\n<p>Bienvenido a la plataforma de C\u00e1lculo de Huella de Carbono de Green Copilot, una soluci\u00f3n digital de &nbsp;VALORA CONSULTORES, S.L. (en adelante, VALORA). Al solicitar un servicio de prueba o agendar una Demo, aceptas cumplir con estos T\u00e9rminos y Condiciones. Por favor, l\u00e9elos cuidadosamente antes de proceder.<\/p>\n\n\n\n<div style=\"height:48px\" aria-hidden=\"true\" class=\"wp-block-spacer\"><\/div>\n\n\n\n<h2 class=\"wp-block-heading\"><strong>2. Registro y Solicitud<\/strong><\/h2>\n\n\n\n<p>Para solicitar un servicio de prueba o agendar una Demo, deber\u00e1s proporcionar tu nombre y correo electr\u00f3nico. Es tu responsabilidad asegurarte de que la informaci\u00f3n proporcionada sea precisa y actualizada.<\/p>\n\n\n\n<div style=\"height:48px\" aria-hidden=\"true\" class=\"wp-block-spacer\"><\/div>\n\n\n\n<h2 class=\"wp-block-heading\"><strong>3. Uso de Bookings with me<\/strong><\/h2>\n\n\n\n<p>Al hacer clic en los botones \u00abSolicitar servicio de prueba\u00bb o \u00abAgendar una Demo\u00bb, ser\u00e1s redirigido a una p\u00e1gina de <em>Bookings with<\/em> me donde podr\u00e1s seleccionar el horario que mejor te convenga tanto para la Demo como para la sesi\u00f3n de Kick Off del servicio de prueba.<\/p>\n\n\n\n<div style=\"height:48px\" aria-hidden=\"true\" class=\"wp-block-spacer\"><\/div>\n\n\n\n<h2 class=\"wp-block-heading\"><strong>4. Uso del Servicio de Prueba<\/strong><\/h2>\n\n\n\n<p>El servicio de prueba est\u00e1 dise\u00f1ado para que los usuarios eval\u00faen las funcionalidades de nuestra plataforma de C\u00e1lculo de Huella de Carbono. El acceso y uso de este servicio es temporal y puede ser revocado en cualquier momento tras haberse cumplido sus 30 d\u00edas de vigencia.<\/p>\n\n\n\n<div style=\"height:48px\" aria-hidden=\"true\" class=\"wp-block-spacer\"><\/div>\n\n\n\n<h2 class=\"wp-block-heading\"><strong>5. Agendamiento de Demos<\/strong><\/h2>\n\n\n\n<p>Al agendar una Demo, aceptas que uno de nuestros representantes se ponga en contacto contigo a trav\u00e9s del correo electr\u00f3nico proporcionado para coordinar la Demostraci\u00f3n. Las Demos est\u00e1n sujetas a disponibilidad y se programar\u00e1n en el mejor momento posible para ambas partes.<\/p>\n\n\n\n<div style=\"height:48px\" aria-hidden=\"true\" class=\"wp-block-spacer\"><\/div>\n\n\n\n<h2 class=\"wp-block-heading\"><strong>6. Privacidad<\/strong><\/h2>\n\n\n\n<p>Nos comprometemos a proteger tu privacidad. La informaci\u00f3n proporcionada durante la solicitud del servicio de prueba o Demo ser\u00e1 utilizada \u00fanicamente para los fines de coordinaci\u00f3n y mejora del servicio.<\/p>\n\n\n\n<div style=\"height:48px\" aria-hidden=\"true\" class=\"wp-block-spacer\"><\/div>\n\n\n\n<h2 class=\"wp-block-heading\">7. Propiedad Intelectual<\/h2>\n\n\n\n<p>Todos los contenidos y materiales disponibles en este sitio web, incluidos, entre otros, textos, gr\u00e1ficos, logotipos, \u00edconos, im\u00e1genes y software, son propiedad de VALORA &nbsp;y est\u00e1n protegidos por derechos de autor y otras leyes de propiedad intelectual.<\/p>\n\n\n\n<p>Los usuarios no pueden reproducir, distribuir, modificar, crear obras derivadas, mostrar p\u00fablicamente, ejecutar p\u00fablicamente, republicar, descargar, almacenar o transmitir cualquier material en nuestro sitio web sin el consentimiento previo por escrito de VALORA.<\/p>\n\n\n\n<div style=\"height:48px\" aria-hidden=\"true\" class=\"wp-block-spacer\"><\/div>\n\n\n\n<h2 class=\"wp-block-heading\">8. Limitaci\u00f3n de Responsabilidad<\/h2>\n\n\n\n<p>VALORA no se hace responsable de ning\u00fan da\u00f1o directo, indirecto, incidental, especial, consecuente o punitivo que surja del uso o la incapacidad de usar nuestros servicios.<\/p>\n\n\n\n<p>Aunque nos esforzamos por proporcionar informaci\u00f3n precisa y actualizada, no garantizamos la exactitud, integridad o utilidad de cualquier informaci\u00f3n en el sitio web de Green Copilot.<\/p>\n\n\n\n<div style=\"height:48px\" aria-hidden=\"true\" class=\"wp-block-spacer\"><\/div>\n\n\n\n<h2 class=\"wp-block-heading\"><strong>9. Modificaciones<\/strong><\/h2>\n\n\n\n<p>Nos reservamos el derecho de modificar estos t\u00e9rminos en cualquier momento. Las modificaciones ser\u00e1n efectivas inmediatamente despu\u00e9s de su publicaci\u00f3n en nuestro sitio web. Se recomienda a los usuarios revisar regularmente estos t\u00e9rminos para estar al tanto de cualquier cambio.<\/p>\n\n\n\n<div style=\"height:48px\" aria-hidden=\"true\" class=\"wp-block-spacer\"><\/div>\n\n\n\n<h2 class=\"wp-block-heading\"><strong>10. Contacto<\/strong><\/h2>\n\n\n\n<p>Si tienes alguna pregunta o inquietud sobre estos T\u00e9rminos y Condiciones, no dudes en contactarnos a trav\u00e9s de &nbsp;<a href=\"mailto:info@valoraconsultores.com\">info@valoraconsultores.com<\/a>.<\/p>\n","protected":false},"excerpt":{"rendered":"<p>1. Introducci\u00f3n Bienvenido a la plataforma de C\u00e1lculo de Huella de Carbono de Green Copilot, una soluci\u00f3n digital de &nbsp;VALORA CONSULTORES, S.L. (en adelante, VALORA). Al solicitar un servicio de prueba o agendar una Demo, aceptas cumplir con estos T\u00e9rminos y Condiciones. Por favor, l\u00e9elos cuidadosamente antes de proceder. 2. Registro y Solicitud Para solicitar [&hellip;]<\/p>\n","protected":false},"author":1,"featured_media":0,"parent":0,"menu_order":0,"comment_status":"closed","ping_status":"closed","template":"","meta":{"_themeisle_gutenberg_block_has_review":false,"footnotes":""},"class_list":["post-162","page","type-page","status-publish","hentry"],"yoast_head":"<!-- This site is optimized with the Yoast SEO plugin v23.4 - https:\/\/yoast.com\/wordpress\/plugins\/seo\/ -->\n<title>T\u00e9rminos y condiciones | Valora<\/title>\n<meta name=\"robots\" content=\"index, follow, max-snippet:-1, max-image-preview:large, max-video-preview:-1\" \/>\n<link rel=\"canonical\" href=\"https:\/\/socialcopilot.eu\/?page_id=162\" \/>\n<meta property=\"og:locale\" content=\"es_ES\" \/>\n<meta property=\"og:type\" content=\"article\" \/>\n<meta property=\"og:title\" content=\"T\u00e9rminos y condiciones | Valora\" \/>\n<meta property=\"og:description\" content=\"1. Introducci\u00f3n Bienvenido a la plataforma de C\u00e1lculo de Huella de Carbono de Green Copilot, una soluci\u00f3n digital de &nbsp;VALORA CONSULTORES, S.L. (en adelante, VALORA). Al solicitar un servicio de prueba o agendar una Demo, aceptas cumplir con estos T\u00e9rminos y Condiciones. Por favor, l\u00e9elos cuidadosamente antes de proceder. 2. Registro y Solicitud Para solicitar [&hellip;]\" \/>\n<meta property=\"og:url\" content=\"https:\/\/socialcopilot.eu\/?page_id=162\" \/>\n<meta property=\"og:site_name\" content=\"Valora\" \/>\n<meta property=\"article:modified_time\" content=\"2024-06-10T15:53:30+00:00\" \/>\n<meta property=\"og:image\" content=\"https:\/\/greencopilot.eu\/wp-content\/uploads\/2024\/06\/Green_Copilot_Logo-transparente-1.png\" \/>\n\t<meta property=\"og:image:width\" content=\"228\" \/>\n\t<meta property=\"og:image:height\" content=\"81\" \/>\n\t<meta property=\"og:image:type\" content=\"image\/png\" \/>\n<meta name=\"twitter:card\" content=\"summary_large_image\" \/>\n<meta name=\"twitter:label1\" content=\"Tiempo de lectura\" \/>\n\t<meta name=\"twitter:data1\" content=\"2 minutos\" \/>\n<script type=\"application\/ld+json\" class=\"yoast-schema-graph\">{\"@context\":\"https:\/\/schema.org\",\"@graph\":[{\"@type\":\"WebPage\",\"@id\":\"https:\/\/socialcopilot.eu\/?page_id=162\",\"url\":\"https:\/\/socialcopilot.eu\/?page_id=162\",\"name\":\"T\u00e9rminos y condiciones | Valora\",\"isPartOf\":{\"@id\":\"https:\/\/greencopilot.eu\/#website\"},\"datePublished\":\"2024-06-10T15:51:26+00:00\",\"dateModified\":\"2024-06-10T15:53:30+00:00\",\"breadcrumb\":{\"@id\":\"https:\/\/socialcopilot.eu\/?page_id=162#breadcrumb\"},\"inLanguage\":\"es\",\"potentialAction\":[{\"@type\":\"ReadAction\",\"target\":[\"https:\/\/socialcopilot.eu\/?page_id=162\"]}]},{\"@type\":\"BreadcrumbList\",\"@id\":\"https:\/\/socialcopilot.eu\/?page_id=162#breadcrumb\",\"itemListElement\":[{\"@type\":\"ListItem\",\"position\":1,\"name\":\"Portada\",\"item\":\"https:\/\/greencopilot.eu\/\"},{\"@type\":\"ListItem\",\"position\":2,\"name\":\"T\u00e9rminos y condiciones\"}]},{\"@type\":\"WebSite\",\"@id\":\"https:\/\/greencopilot.eu\/#website\",\"url\":\"https:\/\/greencopilot.eu\/\",\"name\":\"Green Copilot\",\"description\":\"Soluciones digitales para empresas que buscan una respuesta a sus obligaciones medioambientales\",\"publisher\":{\"@id\":\"https:\/\/greencopilot.eu\/#organization\"},\"alternateName\":\"Greencopilot\",\"potentialAction\":[{\"@type\":\"SearchAction\",\"target\":{\"@type\":\"EntryPoint\",\"urlTemplate\":\"https:\/\/greencopilot.eu\/?s={search_term_string}\"},\"query-input\":{\"@type\":\"PropertyValueSpecification\",\"valueRequired\":true,\"valueName\":\"search_term_string\"}}],\"inLanguage\":\"es\"},{\"@type\":\"Organization\",\"@id\":\"https:\/\/greencopilot.eu\/#organization\",\"name\":\"Valora\",\"url\":\"https:\/\/greencopilot.eu\/\",\"logo\":{\"@type\":\"ImageObject\",\"inLanguage\":\"es\",\"@id\":\"https:\/\/greencopilot.eu\/#\/schema\/logo\/image\/\",\"url\":\"https:\/\/greencopilot.eu\/wp-content\/uploads\/2024\/06\/Vector.jpg\",\"contentUrl\":\"https:\/\/greencopilot.eu\/wp-content\/uploads\/2024\/06\/Vector.jpg\",\"width\":180,\"height\":36,\"caption\":\"Valora\"},\"image\":{\"@id\":\"https:\/\/greencopilot.eu\/#\/schema\/logo\/image\/\"},\"sameAs\":[\"https:\/\/www.linkedin.com\/company\/valora-consultores\",\"https:\/\/www.youtube.com\/channel\/UCFq7vmpd8vlplucQIL1-Y-w\"]}]}<\/script>\n<!-- \/ Yoast SEO plugin. -->","yoast_head_json":{"title":"T\u00e9rminos y condiciones | Valora","robots":{"index":"index","follow":"follow","max-snippet":"max-snippet:-1","max-image-preview":"max-image-preview:large","max-video-preview":"max-video-preview:-1"},"canonical":"https:\/\/socialcopilot.eu\/?page_id=162","og_locale":"es_ES","og_type":"article","og_title":"T\u00e9rminos y condiciones | Valora","og_description":"1. Introducci\u00f3n Bienvenido a la plataforma de C\u00e1lculo de Huella de Carbono de Green Copilot, una soluci\u00f3n digital de &nbsp;VALORA CONSULTORES, S.L. (en adelante, VALORA). Al solicitar un servicio de prueba o agendar una Demo, aceptas cumplir con estos T\u00e9rminos y Condiciones. Por favor, l\u00e9elos cuidadosamente antes de proceder. 2. Registro y Solicitud Para solicitar [&hellip;]","og_url":"https:\/\/socialcopilot.eu\/?page_id=162","og_site_name":"Valora","article_modified_time":"2024-06-10T15:53:30+00:00","og_image":[{"width":228,"height":81,"url":"https:\/\/greencopilot.eu\/wp-content\/uploads\/2024\/06\/Green_Copilot_Logo-transparente-1.png","type":"image\/png"}],"twitter_card":"summary_large_image","twitter_misc":{"Tiempo de lectura":"2 minutos"},"schema":{"@context":"https:\/\/schema.org","@graph":[{"@type":"WebPage","@id":"https:\/\/socialcopilot.eu\/?page_id=162","url":"https:\/\/socialcopilot.eu\/?page_id=162","name":"T\u00e9rminos y condiciones | Valora","isPartOf":{"@id":"https:\/\/greencopilot.eu\/#website"},"datePublished":"2024-06-10T15:51:26+00:00","dateModified":"2024-06-10T15:53:30+00:00","breadcrumb":{"@id":"https:\/\/socialcopilot.eu\/?page_id=162#breadcrumb"},"inLanguage":"es","potentialAction":[{"@type":"ReadAction","target":["https:\/\/socialcopilot.eu\/?page_id=162"]}]},{"@type":"BreadcrumbList","@id":"https:\/\/socialcopilot.eu\/?page_id=162#breadcrumb","itemListElement":[{"@type":"ListItem","position":1,"name":"Portada","item":"https:\/\/greencopilot.eu\/"},{"@type":"ListItem","position":2,"name":"T\u00e9rminos y condiciones"}]},{"@type":"WebSite","@id":"https:\/\/greencopilot.eu\/#website","url":"https:\/\/greencopilot.eu\/","name":"Green Copilot","description":"Soluciones digitales para empresas que buscan una respuesta a sus obligaciones medioambientales","publisher":{"@id":"https:\/\/greencopilot.eu\/#organization"},"alternateName":"Greencopilot","potentialAction":[{"@type":"SearchAction","target":{"@type":"EntryPoint","urlTemplate":"https:\/\/greencopilot.eu\/?s={search_term_string}"},"query-input":{"@type":"PropertyValueSpecification","valueRequired":true,"valueName":"search_term_string"}}],"inLanguage":"es"},{"@type":"Organization","@id":"https:\/\/greencopilot.eu\/#organization","name":"Valora","url":"https:\/\/greencopilot.eu\/","logo":{"@type":"ImageObject","inLanguage":"es","@id":"https:\/\/greencopilot.eu\/#\/schema\/logo\/image\/","url":"https:\/\/greencopilot.eu\/wp-content\/uploads\/2024\/06\/Vector.jpg","contentUrl":"https:\/\/greencopilot.eu\/wp-content\/uploads\/2024\/06\/Vector.jpg","width":180,"height":36,"caption":"Valora"},"image":{"@id":"https:\/\/greencopilot.eu\/#\/schema\/logo\/image\/"},"sameAs":["https:\/\/www.linkedin.com\/company\/valora-consultores","https:\/\/www.youtube.com\/channel\/UCFq7vmpd8vlplucQIL1-Y-w"]}]}},"_links":{"self":[{"href":"https:\/\/greencopilot.eu\/index.php?rest_route=\/wp\/v2\/pages\/162","targetHints":{"allow":["GET"]}}],"collection":[{"href":"https:\/\/greencopilot.eu\/index.php?rest_route=\/wp\/v2\/pages"}],"about":[{"href":"https:\/\/greencopilot.eu\/index.php?rest_route=\/wp\/v2\/types\/page"}],"author":[{"embeddable":true,"href":"https:\/\/greencopilot.eu\/index.php?rest_route=\/wp\/v2\/users\/1"}],"replies":[{"embeddable":true,"href":"https:\/\/greencopilot.eu\/index.php?rest_route=%2Fwp%2Fv2%2Fcomments&post=162"}],"version-history":[{"count":2,"href":"https:\/\/greencopilot.eu\/index.php?rest_route=\/wp\/v2\/pages\/162\/revisions"}],"predecessor-version":[{"id":166,"href":"https:\/\/greencopilot.eu\/index.php?rest_route=\/wp\/v2\/pages\/162\/revisions\/166"}],"wp:attachment":[{"href":"https:\/\/greencopilot.eu\/index.php?rest_route=%2Fwp%2Fv2%2Fmedia&parent=162"}],"curies":[{"name":"wp","href":"https:\/\/api.w.org\/{rel}","templated":true}]}}